{"id":2309,"date":"2025-04-18T13:06:51","date_gmt":"2025-04-18T13:06:51","guid":{"rendered":"https:\/\/sallefranque.ch\/?page_id=2309"},"modified":"2026-03-10T10:56:35","modified_gmt":"2026-03-10T10:56:35","slug":"geburtstherapie","status":"publish","type":"page","link":"https:\/\/sallefranque.ch\/index.php\/geburtstherapie\/","title":{"rendered":"Geburtstherapie"},"content":{"rendered":"<div class=\"wpb-content-wrapper\"><p>[vc_row css_animation=&#187;&#187; row_type=&#187;row&#187; use_row_as_full_screen_section=&#187;no&#187; type=&#187;full_width&#187; angled_section=&#187;no&#187; text_align=&#187;left&#187; background_image_as_pattern=&#187;without_pattern&#187; css=&#187;.vc_custom_1680018467653{padding-top: 30px !important;padding-right: 15% !important;padding-bottom: 75px !important;}&#187; z_index=&#187;&#187; el_class=&#187;no_padding_on_mob&#187;][vc_column width=&#187;1\/4&#8243; css=&#187;.vc_custom_1680169506262{padding-right: 10% !important;padding-bottom: 5% !important;}&#187;][vc_single_image image=&#187;658&#8243; img_size=&#187;medium&#187; qode_css_animation=&#187;&#187;][vc_column_text css=&#187;&#187;]<\/p>\n<h2>V\u00e9ronique Sallefranque<\/h2>\n<div class=\"page\" title=\"Page 2\">\n<div class=\"section\">\n<div class=\"layoutArea\">\n<div class=\"column\">\n<h3>Pr\u00e4natal- &amp; Geburtstherapie<\/h3>\n<\/div>\n<\/div>\n<\/div>\n<\/div>\n<p>[\/vc_column_text][\/vc_column][vc_column width=&#187;3\/4&#8243;][vc_column_text css=&#187;.vc_custom_1745495121724{padding-top: 10px !important;padding-bottom: 20px !important;}&#187;]<\/p>\n<h1>Pr\u00e4natal- &amp; Geburtstherapie<\/h1>\n<p>[\/vc_column_text][vc_column_text css=&#187;&#187;]<\/p>\n<p>Woher komme ich und was h\u00e4lt mich?<\/p>\n<p>Darf ich \u00fcberhaupt sein?<\/p>\n<p>Was macht mich gewiss und gibt mir Mut?<\/p>\n<p>Wie finde ich als Kind meiner Eltern und als Erwachsener im Kontext des grossen Lebens meinen Platz?<\/p>\n<p>&nbsp;<\/p>\n<p>Wer sich auf einen Geburtsprozess einl\u00e4sst, ist weder auf holotrope Atemtechniken, Hypnose noch auf Trance angewiesen. Bei der Arbeit in der Pr\u00e4natal- &amp; Geburtsprozesstherapie erz\u00e4hlt uns unser K\u00f6rper etwas \u00fcber die Art unserer Geburt, und f\u00fchrt uns \u00fcber das Zellged\u00e4chtnis und die K\u00f6rpererinnerung zu unserem fr\u00fchesten Erleben und zum Ort unserer grundlegenden Pr\u00e4gungen.<\/p>\n<p>Was wir im Zeitraum der 9 Monate im Bauch unserer Mutter (der pr\u00e4natalen Zeit), sowie w\u00e4hrend und nach unserer Geburt erlebt haben, hat uns geformt und somit lebenslange Spuren hinterlassen, die in uns weiterhin wirken.<\/p>\n<p>&nbsp;<\/p>\n<p>Unser Nervensystem ist nie wieder in unserem Leben so empfindlich und so sensibel, wie in der ersten Phase unseres Daseins. In dieser Zeit werden unsere Gef\u00fchle, unsere Denkmuster und vor allem die Beziehungsf\u00e4higkeit zu uns selbst und unserem Umfeld stark beeinflusst.<\/p>\n<p>Unser K\u00f6rper erinnert sich an die pr\u00e4natale &amp; geburtliche Zeit und kann wieder in diesen Zustand zur\u00fcckkehren. Zum Beispiel an die Bewegungen, die wir als Kind bei der Geburt instinktiv ausgef\u00fchrt haben\u2013 so kann das Abstossen mit den F\u00fcssen oder Rotationen um die eigene K\u00f6rperachse w\u00e4hrend des Prozesses wieder auftauchen.<\/p>\n<p>Wie pr\u00e4gend die pr\u00e4natale und Geburtsphase auf das sp\u00e4tere Leben ist, wird heute von verschiedenen wissenschaftlichen Studien belegt.<\/p>\n<p>Wenn in der pr\u00e4natalen Zeit und bei der Geburt traumatische Ereignisse aufgetreten sind, ist diese Prozessarbeit sehr hilfreich. Ihr Fokus liegt in der Aufarbeitung von blockierten biologischen Rhythmen des Nervensystems, aus denen erstarrte, unvollst\u00e4ndige Abwehrreaktionen entstanden sind. Diese k\u00f6nnen dann langsam wieder in Normalit\u00e4t, Spannkraft und Wohlbefinden zur\u00fcckfinden.<\/p>\n<p>Mit der richtigen Unterst\u00fctzung kann vieles verarbeitet werden, so dass wir unsere urspr\u00fcngliche Kraft \u2013 unser eigenes Potenzial \u2013 wiedererlangen und leben k\u00f6nnen.[\/vc_column_text][vc_column_text css=&#187;.vc_custom_1745495788075{margin-bottom: 0px !important;padding-top: 50px !important;padding-bottom: 30px !important;}&#187;]<\/p>\n<h4 style=\"text-align: center;\">Es ist wie eine Heimkehr zu den Anf\u00e4ngen unseres Seins \u2013 unserem Entstehen und Werden.<\/h4>\n<p style=\"text-align: center;\">Dominique D\u00e9granges<\/p>\n<p>[\/vc_column_text][vc_column_text css=&#187;.vc_custom_1745506041469{padding-top: 25px !important;}&#187;]Ausgehend von aktuellen Schwierigkeiten und Absichten f\u00fchrt der Prozess \u00fcber die K\u00f6rpersprache und die K\u00f6rpererinnerung zu unseren grundlegenden Pr\u00e4gungen. Durch ein nochmaliges Erleben der Geburt gelangt man zum Ursprung eingepr\u00e4gter und oft hinderlicher Bew\u00e4ltigungsstrategien, die daraufhin ver\u00e4ndert werden k\u00f6nnen. Es ist ein Wendepunkt im Leben, der erm\u00f6glicht, dass sich k\u00f6rperliche Beschwerden und tiefsitzende Verhaltensmuster aufl\u00f6sen k\u00f6nnen.<\/p>\n<p>&nbsp;<\/p>\n<h2><span style=\"color: #cb9c59;\">Die Pr\u00e4natal- &amp; Geburtstherapie ist in vielen Lebenssituationen hilfreich<\/span><\/h2>\n<p>\u2013 Blockaden, Unsicherheit und \u00c4ngste (psychosomatische Beschwerden)<\/p>\n<p>\u2013 Konflikte in Beziehungen (Partnerschaft, Familie, Arbeit)<\/p>\n<p>\u2013\u00a0Lebens- und Sinnkrisen, spirituelle Krisen<\/p>\n<p>\u2013\u00a0Trauer, Beziehungsverlust<br \/>\n\u2013 Depressive Zust\u00e4nde<br \/>\n\u2013 Traumatische Erlebnisse (Unf\u00e4lle, Gewalterfahrungen)[\/vc_column_text][\/vc_column][\/vc_row]<\/p>\n<\/div>","protected":false},"excerpt":{"rendered":"<p>[vc_row css_animation=&#187;&#187; row_type=&#187;row&#187; use_row_as_full_screen_section=&#187;no&#187; type=&#187;full_width&#187; angled_section=&#187;no&#187; text_align=&#187;left&#187; background_image_as_pattern=&#187;without_pattern&#187; css=&#187;.vc_custom_1680018467653{padding-top: 30px !important;padding-right: 15% !important;padding-bottom: 75px !important;}&#187; z_index=&#187;&#187; el_class=&#187;no_padding_on_mob&#187;][vc_column width=&#187;1\/4&#8243; css=&#187;.vc_custom_1680169506262{padding-right: 10% !important;padding-bottom: 5% !important;}&#187;][vc_single_image image=&#187;658&#8243; img_size=&#187;medium&#187; qode_css_animation=&#187;&#187;][vc_column_text css=&#187;&#187;] V\u00e9ronique Sallefranque Pr\u00e4natal- &amp; Geburtstherapie [\/vc_column_text][\/vc_column][vc_column width=&#187;3\/4&#8243;][vc_column_text css=&#187;.vc_custom_1745495121724{padding-top: 10px !important;padding-bottom: 20px !important;}&#187;] Pr\u00e4natal- &amp; Geburtstherapie [\/vc_column_text][vc_column_text css=&#187;&#187;] Woher&#8230;<\/p>\n","protected":false},"author":1,"featured_media":0,"parent":0,"menu_order":0,"comment_status":"closed","ping_status":"closed","template":"","meta":{"footnotes":""},"class_list":["post-2309","page","type-page","status-publish","hentry"],"_links":{"self":[{"href":"https:\/\/sallefranque.ch\/index.php\/wp-json\/wp\/v2\/pages\/2309","targetHints":{"allow":["GET"]}}],"collection":[{"href":"https:\/\/sallefranque.ch\/index.php\/wp-json\/wp\/v2\/pages"}],"about":[{"href":"https:\/\/sallefranque.ch\/index.php\/wp-json\/wp\/v2\/types\/page"}],"author":[{"embeddable":true,"href":"https:\/\/sallefranque.ch\/index.php\/wp-json\/wp\/v2\/users\/1"}],"replies":[{"embeddable":true,"href":"https:\/\/sallefranque.ch\/index.php\/wp-json\/wp\/v2\/comments?post=2309"}],"version-history":[{"count":22,"href":"https:\/\/sallefranque.ch\/index.php\/wp-json\/wp\/v2\/pages\/2309\/revisions"}],"predecessor-version":[{"id":2401,"href":"https:\/\/sallefranque.ch\/index.php\/wp-json\/wp\/v2\/pages\/2309\/revisions\/2401"}],"wp:attachment":[{"href":"https:\/\/sallefranque.ch\/index.php\/wp-json\/wp\/v2\/media?parent=2309"}],"curies":[{"name":"wp","href":"https:\/\/api.w.org\/{rel}","templated":true}]}}