{"id":721,"date":"2023-03-07T19:30:16","date_gmt":"2023-03-07T19:30:16","guid":{"rendered":"https:\/\/sallefranque.ch\/?page_id=721"},"modified":"2026-03-10T10:55:53","modified_gmt":"2026-03-10T10:55:53","slug":"home-2","status":"publish","type":"page","link":"https:\/\/sallefranque.ch\/","title":{"rendered":"\u00e0 la maison sur terre"},"content":{"rendered":"<div class=\"wpb-content-wrapper\"><p>[vc_row css_animation=&#187;&#187; row_type=&#187;row&#187; use_row_as_full_screen_section=&#187;no&#187; type=&#187;full_width&#187; angled_section=&#187;no&#187; text_align=&#187;left&#187; background_image_as_pattern=&#187;without_pattern&#187; css=&#187;.vc_custom_1680039004406{padding-top: 30px !important;padding-right: 15% !important;padding-bottom: 50px !important;}&#187; z_index=&#187;&#187; el_class=&#187;no_padding_on_mob&#187;][vc_column width=&#187;1\/4&#8243; css=&#187;.vc_custom_1680170616731{padding-right: 10% !important;}&#187;][vc_column_text css=&#187;&#187;][\/vc_column_text][\/vc_column][vc_column width=&#187;3\/4&#8243;][vc_column_text css=&#187;.vc_custom_1745498460760{padding-top: 10px !important;padding-bottom: 20px !important;}&#187;]<\/p>\n<h1>Willkommen in meiner Praxis f\u00fcr ganz\u00adheitliche K\u00f6rper\u00adtherapie und Trauma\u00adheilung<\/h1>\n<p>[\/vc_column_text][vc_column_text css=&#187;&#187;]Sch\u00f6n, dass Du mich gefunden hast.<\/p>\n<p>M\u00f6chtest Du etwas f\u00fcr Dein k\u00f6rperliches, geistiges und seelisches Gleichgewicht tun? Sehnst Du Dich nach Entschleunigung und nach einer Pause? Oder magst Du, nach einem Unfall, nach einer Operation, nach einer traumatischen Erfahrung oder fr\u00fchen Pr\u00e4gung, Deinem K\u00f6rper und seiner Weisheit Raum geben und (erneut) auf der Erde in Deinem Herzen ankommen? Es ist mir ein Anliegen, Dich auf eine sichere Reise und Entwicklung zu unterst\u00fctzen.<\/p>\n<p>&nbsp;<\/p>\n<div>\n<p>In meiner Praxis biete ich Somatic Experiencing (SE) und biodynamische Craniosacral-Therapie sowie meine Begleitung in Lebens\u00fcberg\u00e4ngen wie Schwangerschaft, Geburt, Sterben und Neuausrichtung an. Ebenfalls biete ich Pr\u00e4natal- und Geburtstherapie an, welche meine gesamte Arbeit pr\u00e4gt und ich als einen Schl\u00fcssel zum eigenen Potenzial und Dasein erlebe.<\/p>\n<p>&nbsp;<\/p>\n<\/div>\n<p>Der verstorbene buddhistische M\u00f6nch und bekannte spirituelle Lehrer Thich Nhat Hahn sagte, es gehe nicht nur darum, dass wir sind, sondern dass wir &#171;miteinander sind&#187;. Gesunde sichere Bindungen und Beziehungen st\u00e4rken unsere Gesundheit, das best\u00e4tigt die aktuelle wissenschaftliche Traumaforschung. Sich alleine durchschlagen zu m\u00fcssen, ist nicht mehr zeitgem\u00e4ss.<\/p>\n<p>&nbsp;<\/p>\n<p>In dieser herausfordernden Zeit, die wir gerade erleben, ist es sehr wichtig, dass man Ruhe empfinden kann. In der Stille tankt unser K\u00f6rper auf und der Geist beruhigt sich, unsere Seele bekommt Raum, sich auszudehnen und eine neue Ordnung entsteht. Ebenso unterst\u00fctze ich Dich, Deine Beziehungen bewusst zu leben, sowie Deine Lebensaufgabe zu erkennen und zu erf\u00fcllen. W\u00fcnschst Du Dir mehr Lebensqualit\u00e4t oder eine vertrauensvolle Begleitung in einem Lebens\u00fcbergang? Meine Arbeit ist gepr\u00e4gt von Achtsamkeit, Wertsch\u00e4tzung, tiefer Einsicht und Empathie. Ich freue mich darauf, Dich kennenzulernen und Dich ein St\u00fcck Deines Weges zu begleiten.<\/p>\n<p>&nbsp;<\/p>\n<p>Der K\u00f6rper und das Bewusstsein kennen den Weg.<\/p>\n<p>&nbsp;<\/p>\n<p>Herzlichst<\/p>\n<p>V\u00e9ronique[\/vc_column_text][\/vc_column][\/vc_row]<\/p>\n<\/div>","protected":false},"excerpt":{"rendered":"<p>[vc_row css_animation=&#187;&#187; row_type=&#187;row&#187; use_row_as_full_screen_section=&#187;no&#187; type=&#187;full_width&#187; angled_section=&#187;no&#187; text_align=&#187;left&#187; background_image_as_pattern=&#187;without_pattern&#187; css=&#187;.vc_custom_1680039004406{padding-top: 30px !important;padding-right: 15% !important;padding-bottom: 50px !important;}&#187; z_index=&#187;&#187; el_class=&#187;no_padding_on_mob&#187;][vc_column width=&#187;1\/4&#8243; css=&#187;.vc_custom_1680170616731{padding-right: 10% !important;}&#187;][vc_column_text css=&#187;&#187;][\/vc_column_text][\/vc_column][vc_column width=&#187;3\/4&#8243;][vc_column_text css=&#187;.vc_custom_1745498460760{padding-top: 10px !important;padding-bottom: 20px !important;}&#187;] Willkommen in meiner Praxis f\u00fcr ganz\u00adheitliche K\u00f6rper\u00adtherapie und Trauma\u00adheilung [\/vc_column_text][vc_column_text css=&#187;&#187;]Sch\u00f6n, dass Du mich gefunden hast. M\u00f6chtest&#8230;<\/p>\n","protected":false},"author":1,"featured_media":0,"parent":0,"menu_order":0,"comment_status":"closed","ping_status":"closed","template":"","meta":{"footnotes":""},"class_list":["post-721","page","type-page","status-publish","hentry"],"_links":{"self":[{"href":"https:\/\/sallefranque.ch\/index.php\/wp-json\/wp\/v2\/pages\/721","targetHints":{"allow":["GET"]}}],"collection":[{"href":"https:\/\/sallefranque.ch\/index.php\/wp-json\/wp\/v2\/pages"}],"about":[{"href":"https:\/\/sallefranque.ch\/index.php\/wp-json\/wp\/v2\/types\/page"}],"author":[{"embeddable":true,"href":"https:\/\/sallefranque.ch\/index.php\/wp-json\/wp\/v2\/users\/1"}],"replies":[{"embeddable":true,"href":"https:\/\/sallefranque.ch\/index.php\/wp-json\/wp\/v2\/comments?post=721"}],"version-history":[{"count":214,"href":"https:\/\/sallefranque.ch\/index.php\/wp-json\/wp\/v2\/pages\/721\/revisions"}],"predecessor-version":[{"id":2400,"href":"https:\/\/sallefranque.ch\/index.php\/wp-json\/wp\/v2\/pages\/721\/revisions\/2400"}],"wp:attachment":[{"href":"https:\/\/sallefranque.ch\/index.php\/wp-json\/wp\/v2\/media?parent=721"}],"curies":[{"name":"wp","href":"https:\/\/api.w.org\/{rel}","templated":true}]}}