{"id":723,"date":"2023-03-07T19:35:20","date_gmt":"2023-03-07T19:35:20","guid":{"rendered":"https:\/\/sallefranque.ch\/?page_id=723"},"modified":"2025-04-28T07:10:04","modified_gmt":"2025-04-28T07:10:04","slug":"lebensuebergaenge","status":"publish","type":"page","link":"https:\/\/sallefranque.ch\/index.php\/lebensuebergaenge\/","title":{"rendered":"Lebens\u00fcberg\u00e4nge"},"content":{"rendered":"<div class=\"wpb-content-wrapper\"><p>[vc_row css_animation=&#187;&#187; row_type=&#187;row&#187; use_row_as_full_screen_section=&#187;no&#187; type=&#187;full_width&#187; angled_section=&#187;no&#187; text_align=&#187;left&#187; background_image_as_pattern=&#187;without_pattern&#187; css=&#187;.vc_custom_1680039039609{padding-top: 30px !important;padding-right: 15% !important;padding-bottom: 75px !important;}&#187; z_index=&#187;&#187; el_class=&#187;no_padding_on_mob&#187;][vc_column width=&#187;1\/4&#8243; css=&#187;.vc_custom_1680169610949{padding-right: 10% !important;padding-bottom: 5% !important;}&#187;][vc_single_image image=&#187;658&#8243; img_size=&#187;medium&#187; qode_css_animation=&#187;&#187;][vc_column_text]<\/p>\n<h2>V\u00e9ronique Sallefranque<\/h2>\n<div class=\"page\" title=\"Page 2\">\n<div class=\"section\">\n<div class=\"layoutArea\">\n<div class=\"column\">\n<h3>Lebens\u00fcberg\u00e4nge<\/h3>\n<\/div>\n<\/div>\n<\/div>\n<\/div>\n<p>[\/vc_column_text][\/vc_column][vc_column width=&#187;3\/4&#8243;][vc_column_text css=&#187;.vc_custom_1680209238352{padding-top: 10px !important;padding-bottom: 20px !important;}&#187;]<\/p>\n<h1>Lebens\u00fcber\u00adg\u00e4nge<\/h1>\n<p>[\/vc_column_text][vc_column_text css=&#187;.vc_custom_1745824202852{border-color: #dd3333 !important;}&#187;]<\/p>\n<h2>Schwangerschaft und Geburt<\/h2>\n<p>In und nach der Schwangerschafts\u00adzeit begleite ich Dich mit sanfter und wirksamer Craniosacral-Therapie und meinem grossen Erfahrungsschatz. Wenn Du m\u00f6chtest, begleite ich Dich auch als freie Doula feinf\u00fchlig und achtsam im Hintergrund bei eurer Geburt. Wichtig ist es, dass sich die Geb\u00e4rende ungest\u00f6rt dem Geburtsprozess hingeben kann, daf\u00fcr halte ich traumasensibel den Raum von Schutz und Geborgenheit. Ich hatte bereits die Ehre, nebst f\u00fcnf eigenen Geburtserfahrungen, mehrere Geburten begleiten zu d\u00fcrfen.<\/p>\n<p>&nbsp;<\/p>\n<p>Mein Herzensanliegen ist es, die Bindung zwischen der Mutter und dem Baby zu st\u00e4rken und den \u00dcbergang zur Elternschaft oder zur erweiterten Familie positiv zu pr\u00e4gen. Die Ausrichtung liegt auf einer m\u00f6glichst interventionsfreien und nat\u00fcrlichen Geburt f\u00fcr den bestm\u00f6glichen Start ins Leben. Im Wochenbett begleite ich Dich und Dein Baby beim Heilungsprozess und Verarbeiten der Geburt mit sanften und wirkungsvollen Cranio-Behandlungen.<\/p>\n<p>&nbsp;<\/p>\n<h2>Lebens\u00fcberg\u00e4nge inmitten des Lebens<\/h2>\n<p>Wir sind in herausfordernden Lebenssituationen und in pers\u00f6nlichen wie kollektiven Zeiten des Umbruchs und Aufbruchs gefordert, uns in der eigenen Sch\u00f6pferkraft bewusst auszurichten &#8211; in jener Seelenkraft, die sich hier auf der Erde in und mit unserem K\u00f6rper zum Ausdruck und zum Leuchten bringen will. Sp\u00fcrst Du, dass eine Ver\u00e4nderung oder eine Entscheidung ansteht oder bist Du schon mitten in einem solchen Prozess und w\u00fcnschst Dir eine einf\u00fchlsame Begleitung durch den meist turbulenten \u00dcbergang? Gerne stehe ich Dir zur Seite. Wir achten dabei Deine Wachstumsgrenze und Deinen ureigenen Rhythmus. Pausen und Ruhephasen integrieren das Neue. Deine\u00a0Selbstwahrnehmung weitet sich\u00a0und durch das kreative Entfalten Deiner Ressourcen findest Du mehr zu Selbst-Empowerment und zu Selbstkontakt\/-liebe. Durch ganzheitliche K\u00f6rpertherapie bekommst Du aus Dir selbst heraus Antworten und Aufschwung f\u00fcr den n\u00e4chsten Schritt.<\/p>\n<p>&nbsp;<\/p>\n<h4><\/h4>\n<p>&nbsp;<\/p>\n<h4 style=\"text-align: center;\">&#171;Wenn du anf\u00e4ngst, den Weg zu gehen, erscheint der Weg.&#187;<\/h4>\n<p style=\"text-align: center;\">Rumi<\/p>\n<p>&nbsp;<\/p>\n<p>&nbsp;<\/p>\n<h2>Zusammenwachsen als Paar &amp; Patchworkfamilie<\/h2>\n<p>Durch meinen Lebensweg habe ich viel Erfahrung zu diesem Thema sammeln k\u00f6nnen und begleite Dich resp. euch gerne in der \u00dcbergangszeit zu einer funktionierenden und harmonischen Patchworkfamilie u.a. mit ausgleichenden Cranio-Behandlungen. Der d\u00e4nische Familientherapeut Jesper Juul (*1948 &#8211; \u20202019) inspiriert und begleitet mich als Mutter von f\u00fcnf Kindern schon bald zwei Jahrzehnte. Seine respektvolle Grundhaltung der Gleichw\u00fcrdigkeit und des echten Kontakts und die Betonung auf die Ressourcen, entspricht mir und fliesst in meine Arbeit mit Kindern, Jugendlichen und Familien mit ein. Ebenfalls liegt mir der \u201aMontessori-Blick\u2018, der besagt, dass jedes Kind einzigartig und kompetent ist und wir eher wegweisende Begleiter sind als Lehrende.<\/p>\n<p>&nbsp;<\/p>\n<h2>Sterben, Tod und Abschied<\/h2>\n<p>Ich biete Menschen im Sterbeprozess meine Begleitung an. Im intensiven \u00dcbergang des Loslassens vom physischen Dasein bis zum sanften \u00dcbergleiten in den Tod offenbart sich nochmals das ganze Spektrum und Mysterium des Lebens. Elisabeth K\u00fcbler-Ross hat dazu grosse Pionierarbeit geleistet. Eine liebevolle Begleitperson hilft dem Sterbenden (und auch den Angeh\u00f6rigen), den nat\u00fcrlichen Prozess anzunehmen und sich ihm hinzugeben.<\/p>\n<p>Auch begleite ich Hinterbliebene und Verlassene im Trauerprozess, wenn ein geliebter Mensch oder ein geliebtes Tier von uns gegangen ist.<\/p>\n<p>&nbsp;<\/p>\n<p>Und ich unterst\u00fctze Menschen, die sich in einer toxischen Beziehung (Trauma-Bonding) befinden, sich davon l\u00f6sen wollen und echte Liebe finden m\u00f6chten. Bist Du betroffen, begleite ich Dich durch den Prozess, Dein Selbstwert und Dein Leben zur\u00fcckzuerobern.[\/vc_column_text][\/vc_column][\/vc_row]<\/p>\n<\/div>","protected":false},"excerpt":{"rendered":"<p>[vc_row css_animation=&#187;&#187; row_type=&#187;row&#187; use_row_as_full_screen_section=&#187;no&#187; type=&#187;full_width&#187; angled_section=&#187;no&#187; text_align=&#187;left&#187; background_image_as_pattern=&#187;without_pattern&#187; css=&#187;.vc_custom_1680039039609{padding-top: 30px !important;padding-right: 15% !important;padding-bottom: 75px !important;}&#187; z_index=&#187;&#187; el_class=&#187;no_padding_on_mob&#187;][vc_column width=&#187;1\/4&#8243; css=&#187;.vc_custom_1680169610949{padding-right: 10% !important;padding-bottom: 5% !important;}&#187;][vc_single_image image=&#187;658&#8243; img_size=&#187;medium&#187; qode_css_animation=&#187;&#187;][vc_column_text] V\u00e9ronique Sallefranque Lebens\u00fcberg\u00e4nge [\/vc_column_text][\/vc_column][vc_column width=&#187;3\/4&#8243;][vc_column_text css=&#187;.vc_custom_1680209238352{padding-top: 10px !important;padding-bottom: 20px !important;}&#187;] Lebens\u00fcber\u00adg\u00e4nge [\/vc_column_text][vc_column_text css=&#187;.vc_custom_1745824202852{border-color: #dd3333 !important;}&#187;] Schwangerschaft und Geburt In&#8230;<\/p>\n","protected":false},"author":1,"featured_media":0,"parent":0,"menu_order":0,"comment_status":"closed","ping_status":"closed","template":"","meta":{"footnotes":""},"class_list":["post-723","page","type-page","status-publish","hentry"],"_links":{"self":[{"href":"https:\/\/sallefranque.ch\/index.php\/wp-json\/wp\/v2\/pages\/723","targetHints":{"allow":["GET"]}}],"collection":[{"href":"https:\/\/sallefranque.ch\/index.php\/wp-json\/wp\/v2\/pages"}],"about":[{"href":"https:\/\/sallefranque.ch\/index.php\/wp-json\/wp\/v2\/types\/page"}],"author":[{"embeddable":true,"href":"https:\/\/sallefranque.ch\/index.php\/wp-json\/wp\/v2\/users\/1"}],"replies":[{"embeddable":true,"href":"https:\/\/sallefranque.ch\/index.php\/wp-json\/wp\/v2\/comments?post=723"}],"version-history":[{"count":244,"href":"https:\/\/sallefranque.ch\/index.php\/wp-json\/wp\/v2\/pages\/723\/revisions"}],"predecessor-version":[{"id":2360,"href":"https:\/\/sallefranque.ch\/index.php\/wp-json\/wp\/v2\/pages\/723\/revisions\/2360"}],"wp:attachment":[{"href":"https:\/\/sallefranque.ch\/index.php\/wp-json\/wp\/v2\/media?parent=723"}],"curies":[{"name":"wp","href":"https:\/\/api.w.org\/{rel}","templated":true}]}}