{"id":771,"date":"2023-03-10T09:59:56","date_gmt":"2023-03-10T09:59:56","guid":{"rendered":"https:\/\/sallefranque.ch\/?page_id=771"},"modified":"2026-03-07T12:33:48","modified_gmt":"2026-03-07T12:33:48","slug":"informationen","status":"publish","type":"page","link":"https:\/\/sallefranque.ch\/index.php\/informationen\/","title":{"rendered":"Informationen"},"content":{"rendered":"<div class=\"wpb-content-wrapper\"><p>[vc_row css_animation=&#187;&#187; row_type=&#187;row&#187; use_row_as_full_screen_section=&#187;no&#187; type=&#187;full_width&#187; angled_section=&#187;no&#187; text_align=&#187;left&#187; background_image_as_pattern=&#187;without_pattern&#187; css=&#187;.vc_custom_1680039067714{padding-top: 30px !important;padding-right: 15% !important;padding-bottom: 75px !important;}&#187; z_index=&#187;&#187; el_class=&#187;no_padding_on_mob&#187;][vc_column width=&#187;1\/4&#8243; css=&#187;.vc_custom_1680169648885{padding-right: 10% !important;padding-bottom: 5% !important;}&#187;][vc_single_image image=&#187;658&#8243; img_size=&#187;medium&#187; qode_css_animation=&#187;&#187;][vc_column_text]<\/p>\n<h2>V\u00e9ronique Sallefranque<\/h2>\n<h3>Informationen und<br \/>\nWissenswertes<\/h3>\n<p>[\/vc_column_text][\/vc_column][vc_column width=&#187;3\/4&#8243;][vc_column_text css=&#187;.vc_custom_1679318431859{padding-top: 10px !important;padding-bottom: 20px !important;}&#187;]<\/p>\n<h1>Wissenswertes<\/h1>\n<p>[\/vc_column_text][vc_column_text css=&#187;&#187;]<\/p>\n<h2>Ablauf<\/h2>\n<p>Die Theorien, Methoden und meine Erfahrung geben Boden und Orientierung. Darauf entwickelt sich meine individuelle Arbeitsweise. Zu Beginn wird die aktuelle Situation besprochen. Mit erh\u00f6hter Wahrnehmung nehme ich Dich in Deiner Pr\u00e4senz, in Deinem K\u00f6rper, in Deinem seelischen Ausdruck und ganzen Energiefeld wahr. Ein gemeinsamer intuitiver Austausch entfaltet sich auf verschiedenen Ebenen dar\u00fcber, was verstanden, getan, bewegt, ausgesprochen oder gew\u00fcrdigt werden muss.<\/p>\n<p>&nbsp;<\/p>\n<p>Das in der fortf\u00fchrender Therapie gegenw\u00e4rtige und behutsame Ausloten und Integrieren Deiner Lebenserfahrung, auch die schwierigen Sequenzen, wirkt sich unmittelbar auf Deine Gesundheit und Dein Lebensgef\u00fchl aus.<\/p>\n<p>&nbsp;<\/p>\n<p>Du wirst begleitet, den Prozess zu verstehen und in Dein Leben zu integrieren.<\/p>\n<p>&nbsp;<\/p>\n<h6>Kosten<\/h6>\n<h2>Somatic Experiencing\u00ae<\/h2>\n<p>Fr. 150 pro Stunde<\/p>\n<p>&nbsp;<\/p>\n<h2>Biodynamische Craniosacral-Therapie<\/h2>\n<p>Fr. 150 pro Stunde<\/p>\n<p>&nbsp;<\/p>\n<h2>Geburtsbegleitung<\/h2>\n<p>Fr. 1500<\/p>\n<p>(Richtwert)<\/p>\n<p>&nbsp;<\/p>\n<h2>Sterbebegleitung<\/h2>\n<p>Fr. 80 pro Stunde<\/p>\n<p>(nach Absprache)<\/p>\n<p>&nbsp;<\/p>\n<h2>Fernbehandlungen<\/h2>\n<p>Fr. 100 pauschal<\/p>\n<p>(Vorauszahlung per TWINT)<\/p>\n<p>&nbsp;<\/p>\n<p>&nbsp;<\/p>\n<p>Ich habe das OdA KT Branchenzertifikat und bin EMR, EGK und visana anerkannt.<\/p>\n<p>Und ich bin Mitglied von Craniosuisse und SE Schweiz.<\/p>\n<p>&nbsp;<\/p>\n<h6>Hinweis<\/h6>\n<p>&#8211; Kann ein Termin bei kurzfristiger Abmeldung (weniger als 48h) nicht weitervergeben werden oder wird ein Termin ohne Absage nicht wahrgenommen, wird der volle Betrag verrechnet.<\/p>\n<p>&nbsp;<\/p>\n<p>&#8211; Anzahl und H\u00e4ufigkeit der Sitzungen orientieren sich am Genesungs- bzw. Heilungsprozess.<\/p>\n<p>&nbsp;<\/p>\n<p>&#8211; Therapien ersetzen nicht eine \u00e4rztliche Abkl\u00e4rung oder Behandlung, bieten aber eine effiziente Erg\u00e4nzung.[\/vc_column_text][\/vc_column][\/vc_row][vc_row css_animation=&#187;&#187; row_type=&#187;row&#187; use_row_as_full_screen_section=&#187;no&#187; type=&#187;full_width&#187; angled_section=&#187;no&#187; text_align=&#187;left&#187; background_image_as_pattern=&#187;without_pattern&#187; css=&#187;.vc_custom_1680169818593{padding-top: 30px !important;padding-right: 15% !important;padding-bottom: 75px !important;}&#187; z_index=&#187;&#187;][vc_column width=&#187;1\/4&#8243; css=&#187;.vc_custom_1679901439162{padding-bottom: 15% !important;}&#187;][vc_single_image image=&#187;658&#8243; img_size=&#187;medium&#187; qode_css_animation=&#187;&#187;][vc_column_text]<\/p>\n<h3>Anerkannt durch:<\/h3>\n<p>[\/vc_column_text][\/vc_column][vc_column width=&#187;1\/4&#8243; css=&#187;.vc_custom_1679901358779{padding-bottom: 15% !important;}&#187;][vc_single_image image=&#187;784&#8243; img_size=&#187;full&#187; css=&#187;.vc_custom_1679901283447{padding-right: 10% !important;padding-left: 10% !important;}&#187; qode_css_animation=&#187;&#187;][\/vc_column][vc_column width=&#187;1\/4&#8243; css=&#187;.vc_custom_1679901366120{padding-bottom: 15% !important;}&#187;][vc_single_image image=&#187;793&#8243; img_size=&#187;full&#187; css=&#187;.vc_custom_1679901416841{padding-right: 10% !important;padding-left: 10% !important;}&#187; qode_css_animation=&#187;&#187;][\/vc_column][vc_column width=&#187;1\/4&#8243; css=&#187;.vc_custom_1679901372220{padding-bottom: 15% !important;}&#187;][vc_single_image image=&#187;786&#8243; img_size=&#187;full&#187; alignment=&#187;right&#187; css=&#187;.vc_custom_1679901424925{padding-left: 10% !important;}&#187; qode_css_animation=&#187;&#187;][\/vc_column][\/vc_row]<\/p>\n<\/div>","protected":false},"excerpt":{"rendered":"<p>[vc_row css_animation=&#187;&#187; row_type=&#187;row&#187; use_row_as_full_screen_section=&#187;no&#187; type=&#187;full_width&#187; angled_section=&#187;no&#187; text_align=&#187;left&#187; background_image_as_pattern=&#187;without_pattern&#187; css=&#187;.vc_custom_1680039067714{padding-top: 30px !important;padding-right: 15% !important;padding-bottom: 75px !important;}&#187; z_index=&#187;&#187; el_class=&#187;no_padding_on_mob&#187;][vc_column width=&#187;1\/4&#8243; css=&#187;.vc_custom_1680169648885{padding-right: 10% !important;padding-bottom: 5% !important;}&#187;][vc_single_image image=&#187;658&#8243; img_size=&#187;medium&#187; qode_css_animation=&#187;&#187;][vc_column_text] V\u00e9ronique Sallefranque Informationen und Wissenswertes [\/vc_column_text][\/vc_column][vc_column width=&#187;3\/4&#8243;][vc_column_text css=&#187;.vc_custom_1679318431859{padding-top: 10px !important;padding-bottom: 20px !important;}&#187;] Wissenswertes [\/vc_column_text][vc_column_text css=&#187;&#187;] Ablauf Die Theorien, Methoden&#8230;<\/p>\n","protected":false},"author":1,"featured_media":0,"parent":0,"menu_order":0,"comment_status":"closed","ping_status":"closed","template":"","meta":{"footnotes":""},"class_list":["post-771","page","type-page","status-publish","hentry"],"_links":{"self":[{"href":"https:\/\/sallefranque.ch\/index.php\/wp-json\/wp\/v2\/pages\/771","targetHints":{"allow":["GET"]}}],"collection":[{"href":"https:\/\/sallefranque.ch\/index.php\/wp-json\/wp\/v2\/pages"}],"about":[{"href":"https:\/\/sallefranque.ch\/index.php\/wp-json\/wp\/v2\/types\/page"}],"author":[{"embeddable":true,"href":"https:\/\/sallefranque.ch\/index.php\/wp-json\/wp\/v2\/users\/1"}],"replies":[{"embeddable":true,"href":"https:\/\/sallefranque.ch\/index.php\/wp-json\/wp\/v2\/comments?post=771"}],"version-history":[{"count":91,"href":"https:\/\/sallefranque.ch\/index.php\/wp-json\/wp\/v2\/pages\/771\/revisions"}],"predecessor-version":[{"id":2399,"href":"https:\/\/sallefranque.ch\/index.php\/wp-json\/wp\/v2\/pages\/771\/revisions\/2399"}],"wp:attachment":[{"href":"https:\/\/sallefranque.ch\/index.php\/wp-json\/wp\/v2\/media?parent=771"}],"curies":[{"name":"wp","href":"https:\/\/api.w.org\/{rel}","templated":true}]}}